{"id":541,"date":"2019-09-17T07:56:59","date_gmt":"2019-09-17T05:56:59","guid":{"rendered":"https:\/\/www.exides.es\/newexides\/?page_id=541"},"modified":"2025-10-08T09:35:11","modified_gmt":"2025-10-08T07:35:11","slug":"quienes-somos","status":"publish","type":"page","link":"https:\/\/www.exides.es\/en\/quienes-somos\/","title":{"rendered":"About Us"},"content":{"rendered":"<div data-elementor-type=\"wp-page\" data-elementor-id=\"541\" class=\"elementor elementor-541\">\n\t\t\t\t\t\t<section class=\"elementor-section elementor-top-section elementor-element elementor-element-4622657 elementor-section-full_width elementor-section-height-default elementor-section-height-default\" data-id=\"4622657\" data-element_type=\"section\" data-settings=\"{&quot;background_background&quot;:&quot;gradient&quot;}\">\n\t\t\t\t\t\t\t<div class=\"elementor-background-overlay\"><\/div>\n\t\t\t\t\t\t\t<div class=\"elementor-container elementor-column-gap-default\">\n\t\t\t\t\t<div class=\"elementor-column elementor-col-100 elementor-top-column elementor-element elementor-element-eae1eea colink\" data-id=\"eae1eea\" data-element_type=\"column\" data-settings=\"{&quot;background_background&quot;:&quot;classic&quot;}\">\n\t\t\t<div class=\"elementor-widget-wrap elementor-element-populated\">\n\t\t\t\t\t\t<section class=\"elementor-section elementor-inner-section elementor-element elementor-element-3bf1832 elementor-section-full_width elementor-section-height-default elementor-section-height-default\" data-id=\"3bf1832\" data-element_type=\"section\">\n\t\t\t\t\t\t<div class=\"elementor-container elementor-column-gap-default\">\n\t\t\t\t\t<div class=\"elementor-column elementor-col-100 elementor-inner-column elementor-element elementor-element-c294682\" data-id=\"c294682\" data-element_type=\"column\">\n\t\t\t<div class=\"elementor-widget-wrap elementor-element-populated\">\n\t\t\t\t\t\t<div class=\"elementor-element elementor-element-183e0bc elementor-widget elementor-widget-heading\" data-id=\"183e0bc\" data-element_type=\"widget\" data-widget_type=\"heading.default\">\n\t\t\t\t<div class=\"elementor-widget-container\">\n\t\t\t\t\t<h2 class=\"elementor-heading-title elementor-size-default\">ABOUT US<\/h2>\t\t\t\t<\/div>\n\t\t\t\t<\/div>\n\t\t\t\t\t<\/div>\n\t\t<\/div>\n\t\t\t\t\t<\/div>\n\t\t<\/section>\n\t\t\t\t\t<\/div>\n\t\t<\/div>\n\t\t\t\t\t<\/div>\n\t\t<\/section>\n\t\t\t\t<section class=\"elementor-section elementor-top-section elementor-element elementor-element-a7ef86c elementor-section-boxed elementor-section-height-default elementor-section-height-default\" data-id=\"a7ef86c\" data-element_type=\"section\">\n\t\t\t\t\t\t<div class=\"elementor-container elementor-column-gap-default\">\n\t\t\t\t\t<div class=\"elementor-column elementor-col-100 elementor-top-column elementor-element elementor-element-226bffa\" data-id=\"226bffa\" data-element_type=\"column\">\n\t\t\t<div class=\"elementor-widget-wrap elementor-element-populated\">\n\t\t\t\t\t\t<section class=\"elementor-section elementor-inner-section elementor-element elementor-element-08bd751 elementor-section-height-min-height elementor-section-boxed elementor-section-height-default\" data-id=\"08bd751\" data-element_type=\"section\">\n\t\t\t\t\t\t<div class=\"elementor-container elementor-column-gap-default\">\n\t\t\t\t\t<div class=\"elementor-column elementor-col-100 elementor-inner-column elementor-element elementor-element-834f395\" data-id=\"834f395\" data-element_type=\"column\">\n\t\t\t<div class=\"elementor-widget-wrap elementor-element-populated\">\n\t\t\t\t\t\t<div class=\"elementor-element elementor-element-6b0c8d4 elementor-widget elementor-widget-text-editor\" data-id=\"6b0c8d4\" data-element_type=\"widget\" data-widget_type=\"text-editor.default\">\n\t\t\t\t<div class=\"elementor-widget-container\">\n\t\t\t\t\t\t\t\t\t<p><span data-olk-copy-source=\"MessageBody\">Exides nace en 2005 con una s\u00f3lida vocaci\u00f3n industrial, impulsada por la necesidad de encontrar, en la Regi\u00f3n de Murcia, empresas \u00e1giles, din\u00e1micas y con una amplia experiencia en el sector. Nuestra empresa surge con un claro objetivo: ofrecer soluciones tecnol\u00f3gicas de alta calidad, adaptadas a las necesidades de nuestros clientes, en plazos razonables y con un enfoque de costes equilibrado.<\/span><\/p><p>Meeting this need meant setting up a company project with a deep knowledge of the market in which it should operate, totally focused on the customer and with a commitment to permanent innovation in our technologies so that we could create, for our customers, high quality solutions within a reasonable timeframe and at a reasonable cost.<\/p>\t\t\t\t\t\t\t\t<\/div>\n\t\t\t\t<\/div>\n\t\t\t\t\t<\/div>\n\t\t<\/div>\n\t\t\t\t\t<\/div>\n\t\t<\/section>\n\t\t\t\t<section class=\"elementor-section elementor-inner-section elementor-element elementor-element-eabca1e elementor-section-height-min-height elementor-section-boxed elementor-section-height-default\" data-id=\"eabca1e\" data-element_type=\"section\">\n\t\t\t\t\t\t<div class=\"elementor-container elementor-column-gap-default\">\n\t\t\t\t\t<div class=\"elementor-column elementor-col-50 elementor-inner-column elementor-element elementor-element-d425b89 elementor-hidden-phone\" data-id=\"d425b89\" data-element_type=\"column\" data-settings=\"{&quot;background_background&quot;:&quot;classic&quot;}\">\n\t\t\t<div class=\"elementor-widget-wrap elementor-element-populated\">\n\t\t\t\t\t\t<div class=\"elementor-element elementor-element-55a411f elementor-widget elementor-widget-image\" data-id=\"55a411f\" data-element_type=\"widget\" data-widget_type=\"image.default\">\n\t\t\t\t<div class=\"elementor-widget-container\">\n\t\t\t\t\t\t\t\t\t\t\t\t\t\t\t<img fetchpriority=\"high\" decoding=\"async\" width=\"1280\" height=\"937\" src=\"https:\/\/www.exides.es\/wp-content\/uploads\/2023\/11\/business-idea-3175803_1280.jpg\" class=\"attachment-full size-full wp-image-4705\" alt=\"\" srcset=\"https:\/\/www.exides.es\/wp-content\/uploads\/2023\/11\/business-idea-3175803_1280.jpg 1280w, https:\/\/www.exides.es\/wp-content\/uploads\/2023\/11\/business-idea-3175803_1280-300x220.jpg 300w, https:\/\/www.exides.es\/wp-content\/uploads\/2023\/11\/business-idea-3175803_1280-1024x750.jpg 1024w, https:\/\/www.exides.es\/wp-content\/uploads\/2023\/11\/business-idea-3175803_1280-768x562.jpg 768w, https:\/\/www.exides.es\/wp-content\/uploads\/2023\/11\/business-idea-3175803_1280-16x12.jpg 16w\" sizes=\"(max-width: 1280px) 100vw, 1280px\" \/>\t\t\t\t\t\t\t\t\t\t\t\t\t\t\t<\/div>\n\t\t\t\t<\/div>\n\t\t\t\t\t<\/div>\n\t\t<\/div>\n\t\t\t\t<div class=\"elementor-column elementor-col-50 elementor-inner-column elementor-element elementor-element-4f06c75\" data-id=\"4f06c75\" data-element_type=\"column\">\n\t\t\t<div class=\"elementor-widget-wrap elementor-element-populated\">\n\t\t\t\t\t\t<div class=\"elementor-element elementor-element-24be00b elementor-widget elementor-widget-text-editor\" data-id=\"24be00b\" data-element_type=\"widget\" data-widget_type=\"text-editor.default\">\n\t\t\t\t<div class=\"elementor-widget-container\">\n\t\t\t\t\t\t\t\t\t<p><span data-olk-copy-source=\"MessageBody\">Desde nuestros inicios, nos hemos apoyado en un equipo de profesionales con una dilatada experiencia en distintos \u00e1mbitos industriales, quienes han hecho de Exides un proyecto s\u00f3lido y en constante evoluci\u00f3n.<\/span><\/p><p>Nuestra actividad principal se centra en el desarrollo, instalaci\u00f3n, puesta en marcha y mantenimiento de software personalizado, dise\u00f1ado espec\u00edficamente para cada cliente.<\/p><p><span style=\"font-style: inherit; font-weight: inherit;\">Contin\u00faamos fortaleciendo nuestro compromiso con la innovaci\u00f3n y la calidad. Nuestra amplia experiencia y cercan\u00eda nos permiten ofrecer soluciones tecnol\u00f3gicas eficientes y personalizadas, adaptadas a las necesidades de cada cliente, consolid\u00e1ndonos como un referente s\u00f3lido en el sector industrial.<\/span><\/p>\t\t\t\t\t\t\t\t<\/div>\n\t\t\t\t<\/div>\n\t\t\t\t\t<\/div>\n\t\t<\/div>\n\t\t\t\t\t<\/div>\n\t\t<\/section>\n\t\t\t\t<section class=\"elementor-section elementor-inner-section elementor-element elementor-element-3d1da0f elementor-section-height-min-height elementor-section-boxed elementor-section-height-default\" data-id=\"3d1da0f\" data-element_type=\"section\">\n\t\t\t\t\t\t<div class=\"elementor-container elementor-column-gap-default\">\n\t\t\t\t\t<div class=\"elementor-column elementor-col-100 elementor-inner-column elementor-element elementor-element-460785b\" data-id=\"460785b\" data-element_type=\"column\">\n\t\t\t<div class=\"elementor-widget-wrap elementor-element-populated\">\n\t\t\t\t\t\t<div class=\"elementor-element elementor-element-889185e elementor-widget elementor-widget-text-editor\" data-id=\"889185e\" data-element_type=\"widget\" data-widget_type=\"text-editor.default\">\n\t\t\t\t<div class=\"elementor-widget-container\">\n\t\t\t\t\t\t\t\t\t<p>En Exides, trabajamos con un compromiso firme:<\/p><p><span data-olk-copy-source=\"MessageBody\">Satisfacer a nuestros clientes mediante productos y servicios que respondan a sus necesidades y expectativas, facilitando y mejorando su d\u00eda a d\u00eda en el entorno laboral.<\/span><\/p><p><span data-olk-copy-source=\"MessageBody\">Contamos con un sistema integrado de gesti\u00f3n de calidad, certificado seg\u00fan la norma ISO 9001:2015, y aplicamos los procedimientos de la norma ISO 27001 para garantizar la seguridad de la informaci\u00f3n en todos nuestros procesos.<\/span><\/p><h5><strong>Nuestro compromiso<\/strong><\/h5><ul type=\"disc\"><li style=\"text-align: left;\"><span data-olk-copy-source=\"MessageBody\">Superar las expectativas de nuestros clientes siempre que sea posible.<\/span><\/li><li>Brindar asesoramiento t\u00e9cnico y funcional especializado.<\/li><li>Contar con un equipo humano comprometido y profesional.<\/li><li>Ejecutar cada proyecto bajo estrictos est\u00e1ndares de calidad certificados.<\/li><\/ul>\t\t\t\t\t\t\t\t<\/div>\n\t\t\t\t<\/div>\n\t\t\t\t\t<\/div>\n\t\t<\/div>\n\t\t\t\t\t<\/div>\n\t\t<\/section>\n\t\t\t\t\t<\/div>\n\t\t<\/div>\n\t\t\t\t\t<\/div>\n\t\t<\/section>\n\t\t\t\t<\/div>","protected":false},"excerpt":{"rendered":"<p>QUI\u00c9NES SOMOS Exides nace en 2005 con una s\u00f3lida vocaci\u00f3n industrial, impulsada por la necesidad de encontrar, en la Regi\u00f3n de Murcia, empresas \u00e1giles, din\u00e1micas y con una amplia experiencia en el sector. Nuestra empresa surge con un claro objetivo: ofrecer soluciones tecnol\u00f3gicas de alta calidad, adaptadas a las necesidades de nuestros clientes, en plazos [&hellip;]<\/p>","protected":false},"author":1,"featured_media":0,"parent":0,"menu_order":0,"comment_status":"closed","ping_status":"closed","template":"","meta":{"site-sidebar-layout":"default","site-content-layout":"","ast-site-content-layout":"default","site-content-style":"default","site-sidebar-style":"default","ast-global-header-display":"","ast-banner-title-visibility":"","ast-main-header-display":"","ast-hfb-above-header-display":"","ast-hfb-below-header-display":"","ast-hfb-mobile-header-display":"","site-post-title":"","ast-breadcrumbs-content":"","ast-featured-img":"","footer-sml-layout":"","theme-transparent-header-meta":"","adv-header-id-meta":"","stick-header-meta":"","header-above-stick-meta":"","header-main-stick-meta":"","header-below-stick-meta":"","astra-migrate-meta-layouts":"default","ast-page-background-enabled":"default","ast-page-background-meta":{"desktop":{"background-color":"var(--ast-global-color-4)","background-image":"","background-repeat":"repeat","background-position":"center center","background-size":"auto","background-attachment":"scroll","background-type":"","background-media":"","overlay-type":"","overlay-color":"","overlay-opacity":"","overlay-gradient":""},"tablet":{"background-color":"","background-image":"","background-repeat":"repeat","background-position":"center center","background-size":"auto","background-attachment":"scroll","background-type":"","background-media":"","overlay-type":"","overlay-color":"","overlay-opacity":"","overlay-gradient":""},"mobile":{"background-color":"","background-image":"","background-repeat":"repeat","background-position":"center center","background-size":"auto","background-attachment":"scroll","background-type":"","background-media":"","overlay-type":"","overlay-color":"","overlay-opacity":"","overlay-gradient":""}},"ast-content-background-meta":{"desktop":{"background-color":"var(--ast-global-color-5)","background-image":"","background-repeat":"repeat","background-position":"center center","background-size":"auto","background-attachment":"scroll","background-type":"","background-media":"","overlay-type":"","overlay-color":"","overlay-opacity":"","overlay-gradient":""},"tablet":{"background-color":"var(--ast-global-color-5)","background-image":"","background-repeat":"repeat","background-position":"center center","background-size":"auto","background-attachment":"scroll","background-type":"","background-media":"","overlay-type":"","overlay-color":"","overlay-opacity":"","overlay-gradient":""},"mobile":{"background-color":"var(--ast-global-color-5)","background-image":"","background-repeat":"repeat","background-position":"center center","background-size":"auto","background-attachment":"scroll","background-type":"","background-media":"","overlay-type":"","overlay-color":"","overlay-opacity":"","overlay-gradient":""}},"footnotes":""},"categories":[],"tags":[],"class_list":["post-541","page","type-page","status-publish","hentry"],"_links":{"self":[{"href":"https:\/\/www.exides.es\/en\/wp-json\/wp\/v2\/pages\/541","targetHints":{"allow":["GET"]}}],"collection":[{"href":"https:\/\/www.exides.es\/en\/wp-json\/wp\/v2\/pages"}],"about":[{"href":"https:\/\/www.exides.es\/en\/wp-json\/wp\/v2\/types\/page"}],"author":[{"embeddable":true,"href":"https:\/\/www.exides.es\/en\/wp-json\/wp\/v2\/users\/1"}],"replies":[{"embeddable":true,"href":"https:\/\/www.exides.es\/en\/wp-json\/wp\/v2\/comments?post=541"}],"version-history":[{"count":167,"href":"https:\/\/www.exides.es\/en\/wp-json\/wp\/v2\/pages\/541\/revisions"}],"predecessor-version":[{"id":5112,"href":"https:\/\/www.exides.es\/en\/wp-json\/wp\/v2\/pages\/541\/revisions\/5112"}],"wp:attachment":[{"href":"https:\/\/www.exides.es\/en\/wp-json\/wp\/v2\/media?parent=541"}],"wp:term":[{"taxonomy":"category","embeddable":true,"href":"https:\/\/www.exides.es\/en\/wp-json\/wp\/v2\/categories?post=541"},{"taxonomy":"post_tag","embeddable":true,"href":"https:\/\/www.exides.es\/en\/wp-json\/wp\/v2\/tags?post=541"}],"curies":[{"name":"wp","href":"https:\/\/api.w.org\/{rel}","templated":true}]}}