{"id":135,"date":"2019-09-11T07:04:46","date_gmt":"2019-09-11T05:04:46","guid":{"rendered":"https:\/\/www.exides.es\/newexides\/?page_id=135"},"modified":"2023-12-20T11:20:34","modified_gmt":"2023-12-20T10:20:34","slug":"web","status":"publish","type":"page","link":"https:\/\/www.exides.es\/en\/servicios\/web\/","title":{"rendered":"Web Development"},"content":{"rendered":"<div data-elementor-type=\"wp-post\" data-elementor-id=\"135\" class=\"elementor elementor-135\">\n\t\t\t\t\t\t<section class=\"elementor-section elementor-top-section elementor-element elementor-element-a1ce937 elementor-section-full_width elementor-section-height-default elementor-section-height-default\" data-id=\"a1ce937\" data-element_type=\"section\">\n\t\t\t\t\t\t<div class=\"elementor-container elementor-column-gap-default\">\n\t\t\t\t\t<div class=\"elementor-column elementor-col-100 elementor-top-column elementor-element elementor-element-5210d23 colink\" data-id=\"5210d23\" data-element_type=\"column\" data-settings=\"{&quot;background_background&quot;:&quot;classic&quot;}\">\n\t\t\t<div class=\"elementor-widget-wrap elementor-element-populated\">\n\t\t\t\t\t\t<section class=\"elementor-section elementor-inner-section elementor-element elementor-element-5fafef5 elementor-section-full_width elementor-section-height-default elementor-section-height-default\" data-id=\"5fafef5\" data-element_type=\"section\">\n\t\t\t\t\t\t<div class=\"elementor-container elementor-column-gap-default\">\n\t\t\t\t\t<div class=\"elementor-column elementor-col-100 elementor-inner-column elementor-element elementor-element-5f8bd4a\" data-id=\"5f8bd4a\" data-element_type=\"column\">\n\t\t\t<div class=\"elementor-widget-wrap elementor-element-populated\">\n\t\t\t\t\t\t<div class=\"elementor-element elementor-element-e83587d elementor-widget elementor-widget-heading\" data-id=\"e83587d\" data-element_type=\"widget\" data-widget_type=\"heading.default\">\n\t\t\t\t<div class=\"elementor-widget-container\">\n\t\t\t\t\t<h2 class=\"elementor-heading-title elementor-size-default\">WEB DEVELOPMENT<\/h2>\t\t\t\t<\/div>\n\t\t\t\t<\/div>\n\t\t\t\t\t<\/div>\n\t\t<\/div>\n\t\t\t\t\t<\/div>\n\t\t<\/section>\n\t\t\t\t\t<\/div>\n\t\t<\/div>\n\t\t\t\t\t<\/div>\n\t\t<\/section>\n\t\t\t\t<section class=\"elementor-section elementor-top-section elementor-element elementor-element-c509f10 elementor-section-full_width elementor-section-height-default elementor-section-height-default\" data-id=\"c509f10\" data-element_type=\"section\">\n\t\t\t\t\t\t<div class=\"elementor-container elementor-column-gap-default\">\n\t\t\t\t\t<div class=\"elementor-column elementor-col-50 elementor-top-column elementor-element elementor-element-569a1c0 colink2\" data-id=\"569a1c0\" data-element_type=\"column\" data-settings=\"{&quot;animation&quot;:&quot;none&quot;,&quot;background_background&quot;:&quot;classic&quot;}\">\n\t\t\t<div class=\"elementor-widget-wrap elementor-element-populated\">\n\t\t\t\t\t\t<div class=\"elementor-element elementor-element-75fed13 elementor-widget elementor-widget-spacer\" data-id=\"75fed13\" data-element_type=\"widget\" data-widget_type=\"spacer.default\">\n\t\t\t\t<div class=\"elementor-widget-container\">\n\t\t\t\t\t\t\t<div class=\"elementor-spacer\">\n\t\t\t<div class=\"elementor-spacer-inner\"><\/div>\n\t\t<\/div>\n\t\t\t\t\t\t<\/div>\n\t\t\t\t<\/div>\n\t\t\t\t<div class=\"elementor-element elementor-element-883deb9 elementor-widget elementor-widget-text-editor\" data-id=\"883deb9\" data-element_type=\"widget\" data-widget_type=\"text-editor.default\">\n\t\t\t\t<div class=\"elementor-widget-container\">\n\t\t\t\t\t\t\t\t\t<div class=\"elementor-element elementor-element-cd1e712 elementor-widget elementor-widget-text-editor\" data-id=\"cd1e712\" data-element_type=\"widget\" data-widget_type=\"text-editor.default\"><div class=\"elementor-widget-container\"><p>We offer to manage your web project, whatever its complexity and we offer you all the advice you need to make your website a success.<\/p><\/div><\/div><div class=\"elementor-element elementor-element-4a9837e elementor-widget elementor-widget-image\" data-id=\"4a9837e\" data-element_type=\"widget\" data-widget_type=\"image.default\">\u00a0<\/div>\t\t\t\t\t\t\t\t<\/div>\n\t\t\t\t<\/div>\n\t\t\t\t<div class=\"elementor-element elementor-element-abc5bea elementor-widget elementor-widget-image\" data-id=\"abc5bea\" data-element_type=\"widget\" data-widget_type=\"image.default\">\n\t\t\t\t<div class=\"elementor-widget-container\">\n\t\t\t\t\t\t\t\t\t\t\t\t\t\t\t<img fetchpriority=\"high\" decoding=\"async\" width=\"300\" height=\"236\" src=\"https:\/\/www.exides.es\/wp-content\/uploads\/2019\/11\/money-win-2-300x236.png\" class=\"attachment-medium size-medium wp-image-2405\" alt=\"\" srcset=\"https:\/\/www.exides.es\/wp-content\/uploads\/2019\/11\/money-win-2-300x236.png 300w, https:\/\/www.exides.es\/wp-content\/uploads\/2019\/11\/money-win-2.png 594w\" sizes=\"(max-width: 300px) 100vw, 300px\" \/>\t\t\t\t\t\t\t\t\t\t\t\t\t\t\t<\/div>\n\t\t\t\t<\/div>\n\t\t\t\t\t<\/div>\n\t\t<\/div>\n\t\t\t\t<div class=\"elementor-column elementor-col-50 elementor-top-column elementor-element elementor-element-98742af colink2\" data-id=\"98742af\" data-element_type=\"column\" data-settings=\"{&quot;animation&quot;:&quot;none&quot;,&quot;background_background&quot;:&quot;classic&quot;}\">\n\t\t\t<div class=\"elementor-widget-wrap elementor-element-populated\">\n\t\t\t\t\t\t<div class=\"elementor-element elementor-element-e0b8946 elementor-widget elementor-widget-spacer\" data-id=\"e0b8946\" data-element_type=\"widget\" data-widget_type=\"spacer.default\">\n\t\t\t\t<div class=\"elementor-widget-container\">\n\t\t\t\t\t\t\t<div class=\"elementor-spacer\">\n\t\t\t<div class=\"elementor-spacer-inner\"><\/div>\n\t\t<\/div>\n\t\t\t\t\t\t<\/div>\n\t\t\t\t<\/div>\n\t\t\t\t<div class=\"elementor-element elementor-element-e2bd333 elementor-widget elementor-widget-text-editor\" data-id=\"e2bd333\" data-element_type=\"widget\" data-widget_type=\"text-editor.default\">\n\t\t\t\t<div class=\"elementor-widget-container\">\n\t\t\t\t\t\t\t\t\t<div class=\"elementor-element elementor-element-d61cd9b elementor-widget elementor-widget-text-editor\" data-id=\"d61cd9b\" data-element_type=\"widget\" data-widget_type=\"text-editor.default\">\n<div class=\"elementor-widget-container\">\n<div class=\"elementor-element elementor-element-d61cd9b elementor-widget elementor-widget-text-editor\" data-id=\"d61cd9b\" data-element_type=\"widget\" data-widget_type=\"text-editor.default\">\n<div class=\"elementor-widget-container\">\n<p>The website can become the best communication and advertising tool your business has at its disposal.<\/p>\n<\/div>\n<\/div>\n<div class=\"elementor-element elementor-element-3a3b965 elementor-widget elementor-widget-image\" data-id=\"3a3b965\" data-element_type=\"widget\" data-widget_type=\"image.default\"><br><\/div><\/div><\/div>\t\t\t\t\t\t\t\t<\/div>\n\t\t\t\t<\/div>\n\t\t\t\t<div class=\"elementor-element elementor-element-05508e2 elementor-widget elementor-widget-image\" data-id=\"05508e2\" data-element_type=\"widget\" data-widget_type=\"image.default\">\n\t\t\t\t<div class=\"elementor-widget-container\">\n\t\t\t\t\t\t\t\t\t\t\t\t\t\t\t<img decoding=\"async\" width=\"300\" height=\"300\" data-src=\"https:\/\/www.exides.es\/wp-content\/uploads\/2019\/11\/comunication-300x300.png\" class=\"attachment-medium size-medium wp-image-1518 lazyload\" alt=\"\" data-srcset=\"https:\/\/www.exides.es\/wp-content\/uploads\/2019\/11\/comunication-300x300.png 300w, https:\/\/www.exides.es\/wp-content\/uploads\/2019\/11\/comunication-150x150.png 150w, https:\/\/www.exides.es\/wp-content\/uploads\/2019\/11\/comunication-768x768.png 768w, https:\/\/www.exides.es\/wp-content\/uploads\/2019\/11\/comunication-1024x1024.png 1024w, https:\/\/www.exides.es\/wp-content\/uploads\/2019\/11\/comunication.png 1134w\" data-sizes=\"(max-width: 300px) 100vw, 300px\" src=\"data:image\/svg+xml;base64,PHN2ZyB3aWR0aD0iMSIgaGVpZ2h0PSIxIiB4bWxucz0iaHR0cDovL3d3dy53My5vcmcvMjAwMC9zdmciPjwvc3ZnPg==\" style=\"--smush-placeholder-width: 300px; --smush-placeholder-aspect-ratio: 300\/300;\" \/>\t\t\t\t\t\t\t\t\t\t\t\t\t\t\t<\/div>\n\t\t\t\t<\/div>\n\t\t\t\t\t<\/div>\n\t\t<\/div>\n\t\t\t\t\t<\/div>\n\t\t<\/section>\n\t\t\t\t<section class=\"elementor-section elementor-top-section elementor-element elementor-element-9998068 elementor-section-full_width elementor-section-height-default elementor-section-height-default\" data-id=\"9998068\" data-element_type=\"section\">\n\t\t\t\t\t\t<div class=\"elementor-container elementor-column-gap-default\">\n\t\t\t\t\t<div class=\"elementor-column elementor-col-50 elementor-top-column elementor-element elementor-element-1cf35e0 colink2\" data-id=\"1cf35e0\" data-element_type=\"column\" data-settings=\"{&quot;animation&quot;:&quot;none&quot;,&quot;background_background&quot;:&quot;classic&quot;}\">\n\t\t\t<div class=\"elementor-widget-wrap elementor-element-populated\">\n\t\t\t\t\t\t<div class=\"elementor-element elementor-element-6e2d37b elementor-widget elementor-widget-spacer\" data-id=\"6e2d37b\" data-element_type=\"widget\" data-widget_type=\"spacer.default\">\n\t\t\t\t<div class=\"elementor-widget-container\">\n\t\t\t\t\t\t\t<div class=\"elementor-spacer\">\n\t\t\t<div class=\"elementor-spacer-inner\"><\/div>\n\t\t<\/div>\n\t\t\t\t\t\t<\/div>\n\t\t\t\t<\/div>\n\t\t\t\t<div class=\"elementor-element elementor-element-959933d elementor-widget elementor-widget-text-editor\" data-id=\"959933d\" data-element_type=\"widget\" data-widget_type=\"text-editor.default\">\n\t\t\t\t<div class=\"elementor-widget-container\">\n\t\t\t\t\t\t\t\t\t<div class=\"elementor-element elementor-element-3f364db elementor-widget elementor-widget-text-editor\" data-id=\"3f364db\" data-element_type=\"widget\" data-widget_type=\"text-editor.default\"><div class=\"elementor-widget-container\"><p>We specialize in the development of mobile web applications.<\/p><\/div><\/div><div class=\"elementor-element elementor-element-5e4eba8 elementor-widget elementor-widget-image\" data-id=\"5e4eba8\" data-element_type=\"widget\" data-widget_type=\"image.default\">\u00a0<\/div>\t\t\t\t\t\t\t\t<\/div>\n\t\t\t\t<\/div>\n\t\t\t\t<div class=\"elementor-element elementor-element-20ae1b4 elementor-widget elementor-widget-image\" data-id=\"20ae1b4\" data-element_type=\"widget\" data-widget_type=\"image.default\">\n\t\t\t\t<div class=\"elementor-widget-container\">\n\t\t\t\t\t\t\t\t\t\t\t\t\t\t\t<img decoding=\"async\" width=\"300\" height=\"293\" data-src=\"https:\/\/www.exides.es\/wp-content\/uploads\/2019\/11\/mobile-6-300x293.png\" class=\"attachment-medium size-medium wp-image-2458 lazyload\" alt=\"\" data-srcset=\"https:\/\/www.exides.es\/wp-content\/uploads\/2019\/11\/mobile-6-300x293.png 300w, https:\/\/www.exides.es\/wp-content\/uploads\/2019\/11\/mobile-6-768x751.png 768w, https:\/\/www.exides.es\/wp-content\/uploads\/2019\/11\/mobile-6-1024x1001.png 1024w, https:\/\/www.exides.es\/wp-content\/uploads\/2019\/11\/mobile-6.png 1255w\" data-sizes=\"(max-width: 300px) 100vw, 300px\" src=\"data:image\/svg+xml;base64,PHN2ZyB3aWR0aD0iMSIgaGVpZ2h0PSIxIiB4bWxucz0iaHR0cDovL3d3dy53My5vcmcvMjAwMC9zdmciPjwvc3ZnPg==\" style=\"--smush-placeholder-width: 300px; --smush-placeholder-aspect-ratio: 300\/293;\" \/>\t\t\t\t\t\t\t\t\t\t\t\t\t\t\t<\/div>\n\t\t\t\t<\/div>\n\t\t\t\t\t<\/div>\n\t\t<\/div>\n\t\t\t\t<div class=\"elementor-column elementor-col-50 elementor-top-column elementor-element elementor-element-2e5bf9b colink2\" data-id=\"2e5bf9b\" data-element_type=\"column\" data-settings=\"{&quot;background_background&quot;:&quot;classic&quot;}\">\n\t\t\t<div class=\"elementor-widget-wrap elementor-element-populated\">\n\t\t\t\t\t\t<div class=\"elementor-element elementor-element-ae595bb elementor-widget elementor-widget-spacer\" data-id=\"ae595bb\" data-element_type=\"widget\" data-widget_type=\"spacer.default\">\n\t\t\t\t<div class=\"elementor-widget-container\">\n\t\t\t\t\t\t\t<div class=\"elementor-spacer\">\n\t\t\t<div class=\"elementor-spacer-inner\"><\/div>\n\t\t<\/div>\n\t\t\t\t\t\t<\/div>\n\t\t\t\t<\/div>\n\t\t\t\t<div class=\"elementor-element elementor-element-8b96b4d elementor-widget elementor-widget-text-editor\" data-id=\"8b96b4d\" data-element_type=\"widget\" data-widget_type=\"text-editor.default\">\n\t\t\t\t<div class=\"elementor-widget-container\">\n\t\t\t\t\t\t\t\t\t<div class=\"elementor-element elementor-element-78f7f2b elementor-widget elementor-widget-text-editor\" data-id=\"78f7f2b\" data-element_type=\"widget\" data-widget_type=\"text-editor.default\">\n<div class=\"elementor-widget-container\">\n<p>We not only take care of the web design but also of its positioning; its design is as important as its high positioning within the first search results.<\/p><\/div><\/div>\t\t\t\t\t\t\t\t<\/div>\n\t\t\t\t<\/div>\n\t\t\t\t<div class=\"elementor-element elementor-element-ae65442 elementor-widget elementor-widget-image\" data-id=\"ae65442\" data-element_type=\"widget\" data-widget_type=\"image.default\">\n\t\t\t\t<div class=\"elementor-widget-container\">\n\t\t\t\t\t\t\t\t\t\t\t\t\t\t\t<img decoding=\"async\" width=\"300\" height=\"300\" data-src=\"https:\/\/www.exides.es\/wp-content\/uploads\/2019\/11\/seo-300x300.png\" class=\"attachment-medium size-medium wp-image-1508 lazyload\" alt=\"\" data-srcset=\"https:\/\/www.exides.es\/wp-content\/uploads\/2019\/11\/seo-300x300.png 300w, https:\/\/www.exides.es\/wp-content\/uploads\/2019\/11\/seo-150x150.png 150w, https:\/\/www.exides.es\/wp-content\/uploads\/2019\/11\/seo-768x768.png 768w, https:\/\/www.exides.es\/wp-content\/uploads\/2019\/11\/seo-1024x1024.png 1024w, https:\/\/www.exides.es\/wp-content\/uploads\/2019\/11\/seo.png 1500w\" data-sizes=\"(max-width: 300px) 100vw, 300px\" src=\"data:image\/svg+xml;base64,PHN2ZyB3aWR0aD0iMSIgaGVpZ2h0PSIxIiB4bWxucz0iaHR0cDovL3d3dy53My5vcmcvMjAwMC9zdmciPjwvc3ZnPg==\" style=\"--smush-placeholder-width: 300px; --smush-placeholder-aspect-ratio: 300\/300;\" \/>\t\t\t\t\t\t\t\t\t\t\t\t\t\t\t<\/div>\n\t\t\t\t<\/div>\n\t\t\t\t\t<\/div>\n\t\t<\/div>\n\t\t\t\t\t<\/div>\n\t\t<\/section>\n\t\t\t\t<\/div>","protected":false},"excerpt":{"rendered":"<p>DESARROLLO WEB Nos ofrecemos a llevar su proyecto web, sea cual sea su complejidad y le ofrecemos todo el asesoramiento necesario para que su web tenga \u00e9xito. \u00a0 La p\u00e1gina web podr\u00e1 convertirse en el mejor instrumento de comunicaci\u00f3n y publicidad del que su negocio disponga. Somos especialistas en el desarrollo de aplicaciones web para [&hellip;]<\/p>","protected":false},"author":1,"featured_media":0,"parent":77,"menu_order":0,"comment_status":"closed","ping_status":"closed","template":"","meta":{"site-sidebar-layout":"default","site-content-layout":"","ast-site-content-layout":"default","site-content-style":"default","site-sidebar-style":"default","ast-global-header-display":"","ast-banner-title-visibility":"","ast-main-header-display":"","ast-hfb-above-header-display":"","ast-hfb-below-header-display":"","ast-hfb-mobile-header-display":"","site-post-title":"","ast-breadcrumbs-content":"","ast-featured-img":"","footer-sml-layout":"","theme-transparent-header-meta":"","adv-header-id-meta":"","stick-header-meta":"","header-above-stick-meta":"","header-main-stick-meta":"","header-below-stick-meta":"","astra-migrate-meta-layouts":"default","ast-page-background-enabled":"default","ast-page-background-meta":{"desktop":{"background-color":"var(--ast-global-color-4)","background-image":"","background-repeat":"repeat","background-position":"center center","background-size":"auto","background-attachment":"scroll","background-type":"","background-media":"","overlay-type":"","overlay-color":"","overlay-opacity":"","overlay-gradient":""},"tablet":{"background-color":"","background-image":"","background-repeat":"repeat","background-position":"center center","background-size":"auto","background-attachment":"scroll","background-type":"","background-media":"","overlay-type":"","overlay-color":"","overlay-opacity":"","overlay-gradient":""},"mobile":{"background-color":"","background-image":"","background-repeat":"repeat","background-position":"center center","background-size":"auto","background-attachment":"scroll","background-type":"","background-media":"","overlay-type":"","overlay-color":"","overlay-opacity":"","overlay-gradient":""}},"ast-content-background-meta":{"desktop":{"background-color":"var(--ast-global-color-5)","background-image":"","background-repeat":"repeat","background-position":"center center","background-size":"auto","background-attachment":"scroll","background-type":"","background-media":"","overlay-type":"","overlay-color":"","overlay-opacity":"","overlay-gradient":""},"tablet":{"background-color":"var(--ast-global-color-5)","background-image":"","background-repeat":"repeat","background-position":"center center","background-size":"auto","background-attachment":"scroll","background-type":"","background-media":"","overlay-type":"","overlay-color":"","overlay-opacity":"","overlay-gradient":""},"mobile":{"background-color":"var(--ast-global-color-5)","background-image":"","background-repeat":"repeat","background-position":"center center","background-size":"auto","background-attachment":"scroll","background-type":"","background-media":"","overlay-type":"","overlay-color":"","overlay-opacity":"","overlay-gradient":""}},"footnotes":""},"categories":[],"tags":[],"class_list":["post-135","page","type-page","status-publish","hentry"],"_links":{"self":[{"href":"https:\/\/www.exides.es\/en\/wp-json\/wp\/v2\/pages\/135","targetHints":{"allow":["GET"]}}],"collection":[{"href":"https:\/\/www.exides.es\/en\/wp-json\/wp\/v2\/pages"}],"about":[{"href":"https:\/\/www.exides.es\/en\/wp-json\/wp\/v2\/types\/page"}],"author":[{"embeddable":true,"href":"https:\/\/www.exides.es\/en\/wp-json\/wp\/v2\/users\/1"}],"replies":[{"embeddable":true,"href":"https:\/\/www.exides.es\/en\/wp-json\/wp\/v2\/comments?post=135"}],"version-history":[{"count":85,"href":"https:\/\/www.exides.es\/en\/wp-json\/wp\/v2\/pages\/135\/revisions"}],"predecessor-version":[{"id":4952,"href":"https:\/\/www.exides.es\/en\/wp-json\/wp\/v2\/pages\/135\/revisions\/4952"}],"up":[{"embeddable":true,"href":"https:\/\/www.exides.es\/en\/wp-json\/wp\/v2\/pages\/77"}],"wp:attachment":[{"href":"https:\/\/www.exides.es\/en\/wp-json\/wp\/v2\/media?parent=135"}],"wp:term":[{"taxonomy":"category","embeddable":true,"href":"https:\/\/www.exides.es\/en\/wp-json\/wp\/v2\/categories?post=135"},{"taxonomy":"post_tag","embeddable":true,"href":"https:\/\/www.exides.es\/en\/wp-json\/wp\/v2\/tags?post=135"}],"curies":[{"name":"wp","href":"https:\/\/api.w.org\/{rel}","templated":true}]}}